{"id":492,"date":"2024-09-09T09:17:46","date_gmt":"2024-09-09T07:17:46","guid":{"rendered":"https:\/\/usarbi.com\/contact\/"},"modified":"2025-07-17T10:35:54","modified_gmt":"2025-07-17T08:35:54","slug":"contact","status":"publish","type":"page","link":"https:\/\/usarbi.com\/fr\/contact\/","title":{"rendered":"Contact"},"content":{"rendered":"\t\t<div data-elementor-type=\"wp-page\" data-elementor-id=\"492\" class=\"elementor elementor-492 elementor-233\" data-elementor-post-type=\"page\">\n\t\t\t\t<div class=\"elementor-element elementor-element-cbe5704 e-flex e-con-boxed e-con e-parent\" data-id=\"cbe5704\" data-element_type=\"container\" data-e-type=\"container\" data-settings=\"{&quot;background_background&quot;:&quot;classic&quot;}\">\n\t\t\t\t\t<div class=\"e-con-inner\">\n\t\t\t\t<div class=\"elementor-element elementor-element-dc595e3 animated-fast elementor-invisible elementor-widget elementor-widget-heading\" data-id=\"dc595e3\" data-element_type=\"widget\" data-e-type=\"widget\" data-settings=\"{&quot;_animation&quot;:&quot;fadeInUp&quot;}\" data-widget_type=\"heading.default\">\n\t\t\t\t<div class=\"elementor-widget-container\">\n\t\t\t\t\t<p class=\"elementor-heading-title elementor-size-default\">Comme le dit bien notre dicton, les mots convainquent, mais l'exemple entra\u00eene. D\u00e9couvrez par vous-m\u00eame tout ce que nous avons \u00e0 vous offrir.<\/p>\t\t\t\t<\/div>\n\t\t\t\t<\/div>\n\t\t\t\t\t<\/div>\n\t\t\t\t<\/div>\n\t\t<div class=\"elementor-element elementor-element-18a0cfe e-con-full e-flex e-con e-parent\" data-id=\"18a0cfe\" data-element_type=\"container\" data-e-type=\"container\">\n\t\t<div class=\"elementor-element elementor-element-011a414 e-con-full e-flex e-con e-child\" data-id=\"011a414\" data-element_type=\"container\" data-e-type=\"container\">\n\t\t\t\t<div class=\"elementor-element elementor-element-8b800f2 animated-fast elementor-invisible elementor-widget elementor-widget-heading\" data-id=\"8b800f2\" data-element_type=\"widget\" data-e-type=\"widget\" data-settings=\"{&quot;_animation&quot;:&quot;fadeInUp&quot;}\" data-widget_type=\"heading.default\">\n\t\t\t\t<div class=\"elementor-widget-container\">\n\t\t\t\t\t<h2 class=\"elementor-heading-title elementor-size-default\"><i>contactez-<\/i><br><b>NOUS<\/b><\/h2>\t\t\t\t<\/div>\n\t\t\t\t<\/div>\n\t\t\t\t<div class=\"elementor-element elementor-element-ddf73ea animated-fast elementor-invisible elementor-widget elementor-widget-text-editor\" data-id=\"ddf73ea\" data-element_type=\"widget\" data-e-type=\"widget\" data-settings=\"{&quot;_animation&quot;:&quot;fadeInUp&quot;}\" data-widget_type=\"text-editor.default\">\n\t\t\t\t<div class=\"elementor-widget-container\">\n\t\t\t\t\t\t\t\t\t<p><span style=\"color: #808080;\"><a style=\"color: #808080;\" href=\"https:\/\/www.google.com\/maps\/place\/\/data=!4m2!3m1!1s0xd51a5449644b41b:0x28913d97f31d2ab5?sa=X&amp;ved=1t:8290&amp;ictx=111\">Avenida Duque de Mandas 35<br \/>20012 Donostia-San Sebasti\u00e1n, Gipuzkoa.<\/a><\/span><\/p>\n<p><a href=\"tel:+34943598803\" target=\"_blank\" rel=\"noopener\">+34 943 59 88 03<\/a><\/p>\n<p><a href=\"mailto:holausarbi@gmail.com\">holasarbi@gmail.com<\/a><\/p>\n\t\t\t\t\t\t\t\t<\/div>\n\t\t\t\t<\/div>\n\t\t\t\t<div class=\"elementor-element elementor-element-5e2205d animated-fast elementor-invisible elementor-widget elementor-widget-google_maps\" data-id=\"5e2205d\" data-element_type=\"widget\" data-e-type=\"widget\" data-settings=\"{&quot;_animation&quot;:&quot;fadeInUp&quot;}\" data-widget_type=\"google_maps.default\">\n\t\t\t\t<div class=\"elementor-widget-container\">\n\t\t\t\t\t\t\t<div class=\"elementor-custom-embed\">\n\t\t\t<iframe loading=\"lazy\"\n\t\t\t\t\tsrc=\"https:\/\/maps.google.com\/maps?q=Mandasko%20Dukearen%20Pasealekua%2C%2035%2C%2020012%20Donostia%2C%20Gipuzkoa&#038;t=m&#038;z=14&#038;output=embed&#038;iwloc=near\"\n\t\t\t\t\ttitle=\"Mandasko Dukearen Pasealekua, 35, 20012 Donostia, Gipuzkoa\"\n\t\t\t\t\taria-label=\"Mandasko Dukearen Pasealekua, 35, 20012 Donostia, Gipuzkoa\"\n\t\t\t><\/iframe>\n\t\t<\/div>\n\t\t\t\t\t\t<\/div>\n\t\t\t\t<\/div>\n\t\t\t\t<\/div>\n\t\t<div class=\"elementor-element elementor-element-4ad0643 e-con-full elementor-hidden-mobile animated-fast e-flex elementor-invisible e-con e-child\" data-id=\"4ad0643\" data-element_type=\"container\" data-e-type=\"container\" data-settings=\"{&quot;background_background&quot;:&quot;classic&quot;,&quot;animation&quot;:&quot;slideInRight&quot;}\">\n\t\t\t\t<\/div>\n\t\t\t\t<\/div>\n\t\t<div class=\"elementor-element elementor-element-416863a elementor-hidden-desktop elementor-hidden-tablet elementor-hidden-mobile e-flex e-con-boxed e-con e-parent\" data-id=\"416863a\" data-element_type=\"container\" data-e-type=\"container\">\n\t\t\t\t\t<div class=\"e-con-inner\">\n\t\t\t\t<div class=\"elementor-element elementor-element-42410cd elementor-widget elementor-widget-google_maps\" data-id=\"42410cd\" data-element_type=\"widget\" data-e-type=\"widget\" data-widget_type=\"google_maps.default\">\n\t\t\t\t<div class=\"elementor-widget-container\">\n\t\t\t\t\t\t\t<div class=\"elementor-custom-embed\">\n\t\t\t<iframe loading=\"lazy\"\n\t\t\t\t\tsrc=\"https:\/\/maps.google.com\/maps?q=Mandasko%20Dukearen%20Pasealekua%2C%2035%2C%2020012%20Donostia%2C%20Gipuzkoa&#038;t=m&#038;z=14&#038;output=embed&#038;iwloc=near\"\n\t\t\t\t\ttitle=\"Mandasko Dukearen Pasealekua, 35, 20012 Donostia, Gipuzkoa\"\n\t\t\t\t\taria-label=\"Mandasko Dukearen Pasealekua, 35, 20012 Donostia, Gipuzkoa\"\n\t\t\t><\/iframe>\n\t\t<\/div>\n\t\t\t\t\t\t<\/div>\n\t\t\t\t<\/div>\n\t\t\t\t\t<\/div>\n\t\t\t\t<\/div>\n\t\t<div class=\"elementor-element elementor-element-f17c65f e-con-full animated-fast e-flex elementor-invisible e-con e-parent\" data-id=\"f17c65f\" data-element_type=\"container\" data-e-type=\"container\" data-settings=\"{&quot;animation&quot;:&quot;fadeInUp&quot;}\">\n\t\t<div class=\"elementor-element elementor-element-9b4b7a4 e-con-full e-flex e-con e-child\" data-id=\"9b4b7a4\" data-element_type=\"container\" data-e-type=\"container\" data-settings=\"{&quot;background_background&quot;:&quot;classic&quot;}\">\n\t\t\t\t<div class=\"elementor-element elementor-element-f5b0493 elementor-widget elementor-widget-heading\" data-id=\"f5b0493\" data-element_type=\"widget\" data-e-type=\"widget\" data-widget_type=\"heading.default\">\n\t\t\t\t<div class=\"elementor-widget-container\">\n\t\t\t\t\t<h2 class=\"elementor-heading-title elementor-size-default\"><a href=\"https:\/\/usarbi.com\/fr\/menu\/\"><i>notre<\/i><br><b>MENU<\/b><\/a><\/h2>\t\t\t\t<\/div>\n\t\t\t\t<\/div>\n\t\t\t\t<\/div>\n\t\t<div class=\"elementor-element elementor-element-b24af7b e-con-full e-flex e-con e-child\" data-id=\"b24af7b\" data-element_type=\"container\" data-e-type=\"container\" data-settings=\"{&quot;background_background&quot;:&quot;classic&quot;}\">\n\t\t\t\t<div class=\"elementor-element elementor-element-7eacc67 elementor-widget elementor-widget-heading\" data-id=\"7eacc67\" data-element_type=\"widget\" data-e-type=\"widget\" data-widget_type=\"heading.default\">\n\t\t\t\t<div class=\"elementor-widget-container\">\n\t\t\t\t\t<h2 class=\"elementor-heading-title elementor-size-default\"><a href=\"https:\/\/usarbi.com\/fr\/bar\/\"><i>notre<\/i><br><b>BAR<\/b><\/a><\/h2>\t\t\t\t<\/div>\n\t\t\t\t<\/div>\n\t\t\t\t<\/div>\n\t\t<div class=\"elementor-element elementor-element-d04ee86 e-con-full e-flex e-con e-child\" data-id=\"d04ee86\" data-element_type=\"container\" data-e-type=\"container\" data-settings=\"{&quot;background_background&quot;:&quot;classic&quot;}\">\n\t\t\t\t<div class=\"elementor-element elementor-element-832384e elementor-widget elementor-widget-heading\" data-id=\"832384e\" data-element_type=\"widget\" data-e-type=\"widget\" data-widget_type=\"heading.default\">\n\t\t\t\t<div class=\"elementor-widget-container\">\n\t\t\t\t\t<h2 class=\"elementor-heading-title elementor-size-default\"><a href=\"https:\/\/usarbi.com\/fr\/carte-des-vins\/\"><i>s\u00e9lection de<\/i><br><b>VINS<\/b><\/a><\/h2>\t\t\t\t<\/div>\n\t\t\t\t<\/div>\n\t\t\t\t<\/div>\n\t\t<div class=\"elementor-element elementor-element-e3a1f36 e-con-full e-flex e-con e-child\" data-id=\"e3a1f36\" data-element_type=\"container\" data-e-type=\"container\" data-settings=\"{&quot;background_background&quot;:&quot;classic&quot;}\">\n\t\t\t\t<div class=\"elementor-element elementor-element-903cdbe elementor-widget elementor-widget-heading\" data-id=\"903cdbe\" data-element_type=\"widget\" data-e-type=\"widget\" data-widget_type=\"heading.default\">\n\t\t\t\t<div class=\"elementor-widget-container\">\n\t\t\t\t\t<h2 class=\"elementor-heading-title elementor-size-default\"><a href=\"https:\/\/usarbi.com\/fr\/plat-du-jour\/\"><i>plats <\/i><br><b>DU JOUR<\/b><\/a><\/h2>\t\t\t\t<\/div>\n\t\t\t\t<\/div>\n\t\t\t\t<\/div>\n\t\t<div class=\"elementor-element elementor-element-06c1fae e-con-full e-flex e-con e-child\" data-id=\"06c1fae\" data-element_type=\"container\" data-e-type=\"container\" data-settings=\"{&quot;background_background&quot;:&quot;classic&quot;}\">\n\t\t\t\t<div class=\"elementor-element elementor-element-54b73f8 elementor-widget elementor-widget-heading\" data-id=\"54b73f8\" data-element_type=\"widget\" data-e-type=\"widget\" data-widget_type=\"heading.default\">\n\t\t\t\t<div class=\"elementor-widget-container\">\n\t\t\t\t\t<h2 class=\"elementor-heading-title elementor-size-default\"><a href=\"https:\/\/usarbi.com\/menu-para-grupos\/\"><i>menus POUR<\/i><br><b>GROUPES<\/b><\/a><\/h2>\t\t\t\t<\/div>\n\t\t\t\t<\/div>\n\t\t\t\t<\/div>\n\t\t\t\t<\/div>\n\t\t\t\t<\/div>\n\t\t","protected":false},"excerpt":{"rendered":"<p>Comme le dit bien notre dicton, les mots convainquent, mais l&rsquo;exemple entra\u00eene. D\u00e9couvrez par vous-m\u00eame tout ce que nous avons \u00e0 vous offrir. contactez-NOUS Avenida Duque de Mandas 3520012 Donostia-San Sebasti\u00e1n, Gipuzkoa. +34 943 59 88 03 holasarbi@gmail.com notreMENU notreBAR s\u00e9lection deVINS plats DU JOUR menus POURGROUPES<\/p>\n","protected":false},"author":1,"featured_media":0,"parent":0,"menu_order":0,"comment_status":"closed","ping_status":"closed","template":"","meta":{"footnotes":""},"class_list":["post-492","page","type-page","status-publish","hentry"],"_links":{"self":[{"href":"https:\/\/usarbi.com\/fr\/wp-json\/wp\/v2\/pages\/492","targetHints":{"allow":["GET"]}}],"collection":[{"href":"https:\/\/usarbi.com\/fr\/wp-json\/wp\/v2\/pages"}],"about":[{"href":"https:\/\/usarbi.com\/fr\/wp-json\/wp\/v2\/types\/page"}],"author":[{"embeddable":true,"href":"https:\/\/usarbi.com\/fr\/wp-json\/wp\/v2\/users\/1"}],"replies":[{"embeddable":true,"href":"https:\/\/usarbi.com\/fr\/wp-json\/wp\/v2\/comments?post=492"}],"version-history":[{"count":23,"href":"https:\/\/usarbi.com\/fr\/wp-json\/wp\/v2\/pages\/492\/revisions"}],"predecessor-version":[{"id":1343,"href":"https:\/\/usarbi.com\/fr\/wp-json\/wp\/v2\/pages\/492\/revisions\/1343"}],"wp:attachment":[{"href":"https:\/\/usarbi.com\/fr\/wp-json\/wp\/v2\/media?parent=492"}],"curies":[{"name":"wp","href":"https:\/\/api.w.org\/{rel}","templated":true}]}}