{"id":488,"date":"2024-06-18T17:20:18","date_gmt":"2024-06-18T15:20:18","guid":{"rendered":"https:\/\/usarbi.com\/accueil\/"},"modified":"2025-09-22T12:35:16","modified_gmt":"2025-09-22T10:35:16","slug":"accueil","status":"publish","type":"page","link":"https:\/\/usarbi.com\/fr\/","title":{"rendered":"Accueil"},"content":{"rendered":"\t\t<div data-elementor-type=\"wp-post\" data-elementor-id=\"488\" class=\"elementor elementor-488 elementor-7\" data-elementor-post-type=\"page\">\n\t\t\t\t<div class=\"elementor-element elementor-element-a739c6b e-flex e-con-boxed e-con e-parent\" data-id=\"a739c6b\" data-element_type=\"container\" data-e-type=\"container\" data-settings=\"{&quot;background_background&quot;:&quot;classic&quot;}\">\n\t\t\t\t\t<div class=\"e-con-inner\">\n\t\t\t\t<div class=\"elementor-element elementor-element-e01d859 animated-fast elementor-invisible elementor-widget elementor-widget-heading\" data-id=\"e01d859\" data-element_type=\"widget\" data-e-type=\"widget\" data-settings=\"{&quot;_animation&quot;:&quot;fadeInUp&quot;}\" data-widget_type=\"heading.default\">\n\t\t\t\t<div class=\"elementor-widget-container\">\n\t\t\t\t\t<h1 class=\"elementor-heading-title elementor-size-default\">Nous sommes simplicit\u00e9, proximit\u00e9, cuisine de march\u00e9 et travail d'\u00e9quipe.<\/h1>\t\t\t\t<\/div>\n\t\t\t\t<\/div>\n\t\t\t\t\t<\/div>\n\t\t\t\t<\/div>\n\t\t<div class=\"elementor-element elementor-element-f177418 e-con-full e-flex e-con e-parent\" data-id=\"f177418\" data-element_type=\"container\" data-e-type=\"container\">\n\t\t<div class=\"elementor-element elementor-element-6b7c234 e-con-full e-flex e-con e-child\" data-id=\"6b7c234\" data-element_type=\"container\" data-e-type=\"container\">\n\t\t\t\t<div class=\"elementor-element elementor-element-2614f27 animated-fast elementor-invisible elementor-widget elementor-widget-heading\" data-id=\"2614f27\" data-element_type=\"widget\" data-e-type=\"widget\" data-settings=\"{&quot;_animation&quot;:&quot;fadeInUp&quot;}\" data-widget_type=\"heading.default\">\n\t\t\t\t<div class=\"elementor-widget-container\">\n\t\t\t\t\t<h2 class=\"elementor-heading-title elementor-size-default\"><i>bodeg\u00f3n<\/i><br><b>USARBI<\/b><\/h2>\t\t\t\t<\/div>\n\t\t\t\t<\/div>\n\t\t\t\t<div class=\"elementor-element elementor-element-d06a8bd animated-fast elementor-invisible elementor-widget elementor-widget-text-editor\" data-id=\"d06a8bd\" data-element_type=\"widget\" data-e-type=\"widget\" data-settings=\"{&quot;_animation&quot;:&quot;fadeInUp&quot;}\" data-widget_type=\"text-editor.default\">\n\t\t\t\t<div class=\"elementor-widget-container\">\n\t\t\t\t\t\t\t\t\t<p>Usarbi est le nom d&rsquo;un pintxo avec lequel le chef Jon Ibarreche a \u00e9t\u00e9 finaliste au 10e championnat d&rsquo;Euskal Herria en 2015. Usarbi fait r\u00e9f\u00e9rence \u00e0 l&rsquo;un des meilleurs amis du chef, qui fournissait l&rsquo;ingr\u00e9dient principal du pintxo, le pigeon. <\/p>\n<p>Produit, saisonnalit\u00e9, saveur, tradition, environnement et proximit\u00e9 \u00e9taient les principaux piliers de la cr\u00e9ation de ce pintxo, et nous voulions qu\u2019ils soient aussi ceux de notre projet. C\u2019est pourquoi nous avons d\u00e9cid\u00e9 de lui donner le m\u00eame nom.<\/p>\n\t\t\t\t\t\t\t\t<\/div>\n\t\t\t\t<\/div>\n\t\t\t\t<\/div>\n\t\t<div class=\"elementor-element elementor-element-bdecc79 e-con-full animated-fast e-flex elementor-invisible e-con e-child\" data-id=\"bdecc79\" data-element_type=\"container\" data-e-type=\"container\" data-settings=\"{&quot;background_background&quot;:&quot;classic&quot;,&quot;animation&quot;:&quot;slideInRight&quot;}\">\n\t\t\t\t<\/div>\n\t\t\t\t<\/div>\n\t\t<div class=\"elementor-element elementor-element-19c4fdd e-con-full e-flex e-con e-parent\" data-id=\"19c4fdd\" data-element_type=\"container\" data-e-type=\"container\">\n\t\t<div class=\"elementor-element elementor-element-c963d71 e-con-full animated-fast e-flex elementor-invisible e-con e-child\" data-id=\"c963d71\" data-element_type=\"container\" data-e-type=\"container\" data-settings=\"{&quot;background_background&quot;:&quot;classic&quot;,&quot;animation&quot;:&quot;slideInLeft&quot;}\">\n\t\t\t\t<\/div>\n\t\t<div class=\"elementor-element elementor-element-64bfbff e-con-full e-flex e-con e-child\" data-id=\"64bfbff\" data-element_type=\"container\" data-e-type=\"container\">\n\t\t\t\t<div class=\"elementor-element elementor-element-73ba293 animated-fast elementor-invisible elementor-widget elementor-widget-heading\" data-id=\"73ba293\" data-element_type=\"widget\" data-e-type=\"widget\" data-settings=\"{&quot;_animation&quot;:&quot;fadeInUp&quot;}\" data-widget_type=\"heading.default\">\n\t\t\t\t<div class=\"elementor-widget-container\">\n\t\t\t\t\t<h2 class=\"elementor-heading-title elementor-size-default\"><i>nous sommes \u00e0<\/i><br><b>EGIA<\/b><\/h2>\t\t\t\t<\/div>\n\t\t\t\t<\/div>\n\t\t\t\t<div class=\"elementor-element elementor-element-f4f4faa animated-fast elementor-invisible elementor-widget elementor-widget-text-editor\" data-id=\"f4f4faa\" data-element_type=\"widget\" data-e-type=\"widget\" data-settings=\"{&quot;_animation&quot;:&quot;fadeInUp&quot;}\" data-widget_type=\"text-editor.default\">\n\t\t\t\t<div class=\"elementor-widget-container\">\n\t\t\t\t\t\t\t\t\t<p>Usarbi est situ\u00e9 tout pr\u00e8s du c\u0153ur de Donosti-San Sebasti\u00e1n, dans la zone d&rsquo;Atotxa, emplacement de l&rsquo;ancien stade de la Real Sociedad. Nous sommes \u00e0 Egia, un quartier \u00e9mergent au charme culturel, avec des habitants locaux et tout pr\u00e8s du centre-ville. C\u2019est ainsi que nous nous identifions : en regardant vers l\u2019avenir sans oublier nos racines.  <\/p>\n\t\t\t\t\t\t\t\t<\/div>\n\t\t\t\t<\/div>\n\t\t\t\t<\/div>\n\t\t\t\t<\/div>\n\t\t<div class=\"elementor-element elementor-element-6c0d55a e-con-full e-flex e-con e-parent\" data-id=\"6c0d55a\" data-element_type=\"container\" data-e-type=\"container\">\n\t\t<div class=\"elementor-element elementor-element-ab189f2 e-con-full animated-fast e-flex elementor-invisible e-con e-child\" data-id=\"ab189f2\" data-element_type=\"container\" data-e-type=\"container\" data-settings=\"{&quot;background_background&quot;:&quot;classic&quot;,&quot;animation&quot;:&quot;slideInLeft&quot;}\">\n\t\t\t\t<div class=\"elementor-element elementor-element-29bab1c animated-fast elementor-invisible elementor-widget elementor-widget-heading\" data-id=\"29bab1c\" data-element_type=\"widget\" data-e-type=\"widget\" data-settings=\"{&quot;_animation&quot;:&quot;fadeInUp&quot;}\" data-widget_type=\"heading.default\">\n\t\t\t\t<div class=\"elementor-widget-container\">\n\t\t\t\t\t<h2 class=\"elementor-heading-title elementor-size-default\"><i>notre<\/i><br><b>\u00c9QUIPE<\/b><\/h2>\t\t\t\t<\/div>\n\t\t\t\t<\/div>\n\t\t\t\t<div class=\"elementor-element elementor-element-e7fbfb0 animated-fast elementor-invisible elementor-widget elementor-widget-text-editor\" data-id=\"e7fbfb0\" data-element_type=\"widget\" data-e-type=\"widget\" data-settings=\"{&quot;_animation&quot;:&quot;fadeInUp&quot;}\" data-widget_type=\"text-editor.default\">\n\t\t\t\t<div class=\"elementor-widget-container\">\n\t\t\t\t\t\t\t\t\t<p>Le travail d&rsquo;\u00e9quipe est un pilier fondamental chez Usarbi. Tout ce que nous faisons, nous le faisons en \u00e9quipe pour am\u00e9liorer notre rendement et offrir une qualit\u00e9 sup\u00e9rieure \u00e0 nos convives. <\/p>\n\t\t\t\t\t\t\t\t<\/div>\n\t\t\t\t<\/div>\n\t\t\t\t<\/div>\n\t\t<div class=\"elementor-element elementor-element-42bd27e e-con-full animated-fast e-flex elementor-invisible e-con e-child\" data-id=\"42bd27e\" data-element_type=\"container\" data-e-type=\"container\" data-settings=\"{&quot;background_background&quot;:&quot;classic&quot;,&quot;animation&quot;:&quot;slideInRight&quot;}\">\n\t\t\t\t<div class=\"elementor-element elementor-element-d01351a animated-fast elementor-invisible elementor-widget elementor-widget-heading\" data-id=\"d01351a\" data-element_type=\"widget\" data-e-type=\"widget\" data-settings=\"{&quot;_animation&quot;:&quot;fadeInUp&quot;}\" data-widget_type=\"heading.default\">\n\t\t\t\t<div class=\"elementor-widget-container\">\n\t\t\t\t\t<h2 class=\"elementor-heading-title elementor-size-default\"><i>partager<\/i><br><b>EN FAMILLE<\/b><\/h2>\t\t\t\t<\/div>\n\t\t\t\t<\/div>\n\t\t\t\t<div class=\"elementor-element elementor-element-827ed76 animated-fast elementor-invisible elementor-widget elementor-widget-text-editor\" data-id=\"827ed76\" data-element_type=\"widget\" data-e-type=\"widget\" data-settings=\"{&quot;_animation&quot;:&quot;fadeInUp&quot;}\" data-widget_type=\"text-editor.default\">\n\t\t\t\t<div class=\"elementor-widget-container\">\n\t\t\t\t\t\t\t\t\t<p>S&rsquo;asseoir \u00e0 une table et manger en compagnie, c&rsquo;est partager, c&rsquo;est discuter et profiter du moment. C&rsquo;est ainsi que nous voulons orienter notre concept. Un plat au centre de la table, comme \u00e0 la maison, sans pr\u00e9tention et sans n\u00e9gliger la bonne cuisine basque.  <\/p>\n\t\t\t\t\t\t\t\t<\/div>\n\t\t\t\t<\/div>\n\t\t\t\t<\/div>\n\t\t\t\t<\/div>\n\t\t<div class=\"elementor-element elementor-element-1e36c58 e-flex e-con-boxed e-con e-parent\" data-id=\"1e36c58\" data-element_type=\"container\" data-e-type=\"container\">\n\t\t\t\t\t<div class=\"e-con-inner\">\n\t\t\t\t<div class=\"elementor-element elementor-element-63d7cf9 animated-fast elementor-invisible elementor-widget elementor-widget-heading\" data-id=\"63d7cf9\" data-element_type=\"widget\" data-e-type=\"widget\" data-settings=\"{&quot;_animation&quot;:&quot;fadeInUp&quot;}\" data-widget_type=\"heading.default\">\n\t\t\t\t<div class=\"elementor-widget-container\">\n\t\t\t\t\t<p class=\"elementor-heading-title elementor-size-default\">Notre carte est bas\u00e9e sur la parfaite combinaison de produits locaux et de cuisine de saison.<br>D\u00e9couvrez toute notre offre gastronomique ci-dessous.<\/p>\t\t\t\t<\/div>\n\t\t\t\t<\/div>\n\t\t\t\t\t<\/div>\n\t\t\t\t<\/div>\n\t\t<div class=\"elementor-element elementor-element-6e3c347 e-con-full animated-fast e-flex elementor-invisible e-con e-parent\" data-id=\"6e3c347\" data-element_type=\"container\" data-e-type=\"container\" data-settings=\"{&quot;animation&quot;:&quot;fadeInUp&quot;}\">\n\t\t<div class=\"elementor-element elementor-element-92772dd e-con-full e-flex e-con e-child\" data-id=\"92772dd\" data-element_type=\"container\" data-e-type=\"container\" data-settings=\"{&quot;background_background&quot;:&quot;classic&quot;}\">\n\t\t\t\t<div class=\"elementor-element elementor-element-6a05412 elementor-widget elementor-widget-heading\" data-id=\"6a05412\" data-element_type=\"widget\" data-e-type=\"widget\" data-widget_type=\"heading.default\">\n\t\t\t\t<div class=\"elementor-widget-container\">\n\t\t\t\t\t<h2 class=\"elementor-heading-title elementor-size-default\"><a href=\"https:\/\/usarbi.com\/fr\/menu\/\"><i>notre<\/i><br><b>MENU<\/b><\/a><\/h2>\t\t\t\t<\/div>\n\t\t\t\t<\/div>\n\t\t\t\t<\/div>\n\t\t<div class=\"elementor-element elementor-element-71a80b1 e-con-full e-flex e-con e-child\" data-id=\"71a80b1\" data-element_type=\"container\" data-e-type=\"container\" data-settings=\"{&quot;background_background&quot;:&quot;classic&quot;}\">\n\t\t\t\t<div class=\"elementor-element elementor-element-482fc6a elementor-widget elementor-widget-heading\" data-id=\"482fc6a\" data-element_type=\"widget\" data-e-type=\"widget\" data-widget_type=\"heading.default\">\n\t\t\t\t<div class=\"elementor-widget-container\">\n\t\t\t\t\t<h2 class=\"elementor-heading-title elementor-size-default\"><a href=\"https:\/\/usarbi.com\/fr\/bar\/\"><i>norte<\/i><br><b>BAR<\/b><\/a><\/h2>\t\t\t\t<\/div>\n\t\t\t\t<\/div>\n\t\t\t\t<\/div>\n\t\t<div class=\"elementor-element elementor-element-6d26a6e e-con-full e-flex e-con e-child\" data-id=\"6d26a6e\" data-element_type=\"container\" data-e-type=\"container\" data-settings=\"{&quot;background_background&quot;:&quot;classic&quot;}\">\n\t\t\t\t<div class=\"elementor-element elementor-element-5c49ae5 elementor-widget elementor-widget-heading\" data-id=\"5c49ae5\" data-element_type=\"widget\" data-e-type=\"widget\" data-widget_type=\"heading.default\">\n\t\t\t\t<div class=\"elementor-widget-container\">\n\t\t\t\t\t<h2 class=\"elementor-heading-title elementor-size-default\"><a href=\"https:\/\/usarbi.com\/fr\/carte-des-vins\/\"><i>s\u00e9lection de<\/i><br><b>VINS<\/b><\/a><\/h2>\t\t\t\t<\/div>\n\t\t\t\t<\/div>\n\t\t\t\t<\/div>\n\t\t<div class=\"elementor-element elementor-element-8fb0117 e-con-full e-flex e-con e-child\" data-id=\"8fb0117\" data-element_type=\"container\" data-e-type=\"container\" data-settings=\"{&quot;background_background&quot;:&quot;classic&quot;}\">\n\t\t\t\t<div class=\"elementor-element elementor-element-4bf0a33 elementor-widget elementor-widget-heading\" data-id=\"4bf0a33\" data-element_type=\"widget\" data-e-type=\"widget\" data-widget_type=\"heading.default\">\n\t\t\t\t<div class=\"elementor-widget-container\">\n\t\t\t\t\t<h2 class=\"elementor-heading-title elementor-size-default\"><a href=\"https:\/\/usarbi.com\/fr\/plat-du-jour\/\"><i>plats <\/i><br><b>DU JOUR<\/b><\/a><\/h2>\t\t\t\t<\/div>\n\t\t\t\t<\/div>\n\t\t\t\t<\/div>\n\t\t<div class=\"elementor-element elementor-element-7dabef7 e-con-full e-flex e-con e-child\" data-id=\"7dabef7\" data-element_type=\"container\" data-e-type=\"container\" data-settings=\"{&quot;background_background&quot;:&quot;classic&quot;}\">\n\t\t\t\t<div class=\"elementor-element elementor-element-3e273c1 elementor-widget elementor-widget-heading\" data-id=\"3e273c1\" data-element_type=\"widget\" data-e-type=\"widget\" data-widget_type=\"heading.default\">\n\t\t\t\t<div class=\"elementor-widget-container\">\n\t\t\t\t\t<h2 class=\"elementor-heading-title elementor-size-default\"><a href=\"https:\/\/usarbi.com\/menu-para-grupos\/\"><i>menus POUR<\/i><br><b>GROUPES<\/b><\/a><\/h2>\t\t\t\t<\/div>\n\t\t\t\t<\/div>\n\t\t\t\t<\/div>\n\t\t\t\t<\/div>\n\t\t\t\t<\/div>\n\t\t","protected":false},"excerpt":{"rendered":"<p>Nous sommes simplicit\u00e9, proximit\u00e9, cuisine de march\u00e9 et travail d&rsquo;\u00e9quipe. bodeg\u00f3nUSARBI Usarbi est le nom d&rsquo;un pintxo avec lequel le chef Jon Ibarreche a \u00e9t\u00e9 finaliste au 10e championnat d&rsquo;Euskal Herria en 2015. Usarbi fait r\u00e9f\u00e9rence \u00e0 l&rsquo;un des meilleurs amis du chef, qui fournissait l&rsquo;ingr\u00e9dient principal du pintxo, le pigeon. Produit, saisonnalit\u00e9, saveur, tradition, [&hellip;]<\/p>\n","protected":false},"author":1,"featured_media":0,"parent":0,"menu_order":0,"comment_status":"closed","ping_status":"closed","template":"elementor_header_footer","meta":{"footnotes":""},"class_list":["post-488","page","type-page","status-publish","hentry"],"_links":{"self":[{"href":"https:\/\/usarbi.com\/fr\/wp-json\/wp\/v2\/pages\/488","targetHints":{"allow":["GET"]}}],"collection":[{"href":"https:\/\/usarbi.com\/fr\/wp-json\/wp\/v2\/pages"}],"about":[{"href":"https:\/\/usarbi.com\/fr\/wp-json\/wp\/v2\/types\/page"}],"author":[{"embeddable":true,"href":"https:\/\/usarbi.com\/fr\/wp-json\/wp\/v2\/users\/1"}],"replies":[{"embeddable":true,"href":"https:\/\/usarbi.com\/fr\/wp-json\/wp\/v2\/comments?post=488"}],"version-history":[{"count":34,"href":"https:\/\/usarbi.com\/fr\/wp-json\/wp\/v2\/pages\/488\/revisions"}],"predecessor-version":[{"id":1436,"href":"https:\/\/usarbi.com\/fr\/wp-json\/wp\/v2\/pages\/488\/revisions\/1436"}],"wp:attachment":[{"href":"https:\/\/usarbi.com\/fr\/wp-json\/wp\/v2\/media?parent=488"}],"curies":[{"name":"wp","href":"https:\/\/api.w.org\/{rel}","templated":true}]}}