{"id":1620,"date":"2026-03-18T09:37:48","date_gmt":"2026-03-18T08:37:48","guid":{"rendered":"https:\/\/usarbi.com\/cartes-cadeaux\/"},"modified":"2026-03-18T11:44:34","modified_gmt":"2026-03-18T10:44:34","slug":"cartes-cadeaux","status":"publish","type":"page","link":"https:\/\/usarbi.com\/fr\/cartes-cadeaux\/","title":{"rendered":"Cartes cadeaux"},"content":{"rendered":"\t\t<div data-elementor-type=\"wp-page\" data-elementor-id=\"1620\" class=\"elementor elementor-1620 elementor-1573\" data-elementor-post-type=\"page\">\n\t\t\t\t<div class=\"elementor-element elementor-element-7fef500 e-flex e-con-boxed e-con e-parent\" data-id=\"7fef500\" data-element_type=\"container\" data-e-type=\"container\" data-settings=\"{&quot;background_background&quot;:&quot;classic&quot;}\">\n\t\t\t\t\t<div class=\"e-con-inner\">\n\t\t\t\t<div class=\"elementor-element elementor-element-74f8968 animated-fast elementor-invisible elementor-widget elementor-widget-heading\" data-id=\"74f8968\" data-element_type=\"widget\" data-e-type=\"widget\" data-settings=\"{&quot;_animation&quot;:&quot;fadeInUp&quot;}\" data-widget_type=\"heading.default\">\n\t\t\t\t<div class=\"elementor-widget-container\">\n\t\t\t\t\t<h1 class=\"elementor-heading-title elementor-size-default\">Cartes cadeaux<\/h1>\t\t\t\t<\/div>\n\t\t\t\t<\/div>\n\t\t\t\t\t<\/div>\n\t\t\t\t<\/div>\n\t\t<div class=\"elementor-element elementor-element-72eed53 e-flex e-con-boxed e-con e-parent\" data-id=\"72eed53\" data-element_type=\"container\" data-e-type=\"container\">\n\t\t\t\t\t<div class=\"e-con-inner\">\n\t\t<div class=\"elementor-element elementor-element-c85b4b4 e-con-full e-flex e-con e-child\" data-id=\"c85b4b4\" data-element_type=\"container\" data-e-type=\"container\">\n\t\t\t\t<div class=\"elementor-element elementor-element-0ddb1e0 elementor-invisible elementor-widget elementor-widget-text-editor\" data-id=\"0ddb1e0\" data-element_type=\"widget\" data-e-type=\"widget\" data-settings=\"{&quot;_animation&quot;:&quot;fadeInUp&quot;}\" data-widget_type=\"text-editor.default\">\n\t\t\t\t<div class=\"elementor-widget-container\">\n\t\t\t\t\t\t\t\t\t<p><strong>Offrir une exp\u00e9rience gastronomique est toujours de bon go\u00fbt. Avec nos cartes cadeaux, vous ferez sensation \u00e0 Usarbi, o\u00f9 les produits et la cuisine de saison sont les vedettes. <\/strong><\/p><p>Trabajamos con productos locales, frescos y de temporada, seleccionados cuidadosamente para ofrecer platos llenos de sabor y autenticidad.<\/p><p>Nous travaillons avec des produits locaux, frais et de saison, soigneusement s\u00e9lectionn\u00e9s pour offrir des plats pleins de saveurs et d&rsquo;authenticit\u00e9.<\/p><p>Offrez du go\u00fbt, de la proximit\u00e9 et une bonne cuisine.<br>Offrez Usarbi.<\/p>\t\t\t\t\t\t\t\t<\/div>\n\t\t\t\t<\/div>\n\t\t\t\t<div class=\"elementor-element elementor-element-f901e79 elementor-mobile-align-center elementor-invisible elementor-widget elementor-widget-button\" data-id=\"f901e79\" data-element_type=\"widget\" data-e-type=\"widget\" data-settings=\"{&quot;_animation&quot;:&quot;fadeInUp&quot;}\" data-widget_type=\"button.default\">\n\t\t\t\t<div class=\"elementor-widget-container\">\n\t\t\t\t\t\t\t\t\t<div class=\"elementor-button-wrapper\">\n\t\t\t\t\t<a class=\"elementor-button elementor-button-link elementor-size-sm\" href=\"https:\/\/usarbi.com\/fr\/contact\/\">\n\t\t\t\t\t\t<span class=\"elementor-button-content-wrapper\">\n\t\t\t\t\t\t\t\t\t<span class=\"elementor-button-text\">Plus d'informations<\/span>\n\t\t\t\t\t<\/span>\n\t\t\t\t\t<\/a>\n\t\t\t\t<\/div>\n\t\t\t\t\t\t\t\t<\/div>\n\t\t\t\t<\/div>\n\t\t\t\t<\/div>\n\t\t<div class=\"elementor-element elementor-element-7fa000e e-con-full e-flex elementor-invisible e-con e-child\" data-id=\"7fa000e\" data-element_type=\"container\" data-e-type=\"container\" data-settings=\"{&quot;animation&quot;:&quot;fadeInRight&quot;}\">\n\t\t\t\t<div class=\"elementor-element elementor-element-b922389 elementor-widget elementor-widget-heading\" data-id=\"b922389\" data-element_type=\"widget\" data-e-type=\"widget\" data-widget_type=\"heading.default\">\n\t\t\t\t<div class=\"elementor-widget-container\">\n\t\t\t\t\t<h2 class=\"elementor-heading-title elementor-size-default\">Menu pour deux personnes<\/h2>\t\t\t\t<\/div>\n\t\t\t\t<\/div>\n\t\t\t\t<div class=\"elementor-element elementor-element-432c52c elementor-widget__width-initial elementor-widget elementor-widget-text-editor\" data-id=\"432c52c\" data-element_type=\"widget\" data-e-type=\"widget\" data-widget_type=\"text-editor.default\">\n\t\t\t\t<div class=\"elementor-widget-container\">\n\t\t\t\t\t\t\t\t\t<p><strong>Nous commen\u00e7ons par<\/strong> <br>des asperges farcies au crabe, notre entr\u00e9e la plus demand\u00e9e.<\/p><p><strong>Nous continuons avec<\/strong><br>un riz de la mer, style paella, l&rsquo;un de nos plats pr\u00e9f\u00e9r\u00e9s.<\/p><p><strong>Et la sp\u00e9cialit\u00e9 <\/strong><br>merluza r\u00f4tie avec un \u00e9mulsionn\u00e9 d&rsquo;ail frit, gagnante de la &lsquo;Batalla de restaurantes&rsquo;.<\/p><p><strong>Une fin douce<\/strong><br>Torrija caram\u00e9lis\u00e9e de pain Marquet, un classique qui ne d\u00e9\u00e7oit jamais<\/p><p><strong>Bouteille de vin<\/strong><br>Recommandation de la maison<\/p><p> <\/p><p><em>BON APP\u00c9TIT<\/em><\/p>\t\t\t\t\t\t\t\t<\/div>\n\t\t\t\t<\/div>\n\t\t\t\t<\/div>\n\t\t\t\t\t<\/div>\n\t\t\t\t<\/div>\n\t\t<div class=\"elementor-element elementor-element-147b149 e-con-full animated-fast e-flex elementor-invisible e-con e-parent\" data-id=\"147b149\" data-element_type=\"container\" data-e-type=\"container\" data-settings=\"{&quot;animation&quot;:&quot;fadeInUp&quot;}\">\n\t\t<div class=\"elementor-element elementor-element-60cff64 e-con-full e-flex e-con e-child\" data-id=\"60cff64\" data-element_type=\"container\" data-e-type=\"container\" data-settings=\"{&quot;background_background&quot;:&quot;classic&quot;}\">\n\t\t\t\t<div class=\"elementor-element elementor-element-c4aae6f elementor-widget elementor-widget-heading\" data-id=\"c4aae6f\" data-element_type=\"widget\" data-e-type=\"widget\" data-widget_type=\"heading.default\">\n\t\t\t\t<div class=\"elementor-widget-container\">\n\t\t\t\t\t<h2 class=\"elementor-heading-title elementor-size-default\"><a href=\"https:\/\/usarbi.com\/fr\/menu\/\"><i>notre<\/i><br><b>MENU<\/b><\/a><\/h2>\t\t\t\t<\/div>\n\t\t\t\t<\/div>\n\t\t\t\t<\/div>\n\t\t<div class=\"elementor-element elementor-element-c3faeb7 e-con-full e-flex e-con e-child\" data-id=\"c3faeb7\" data-element_type=\"container\" data-e-type=\"container\" data-settings=\"{&quot;background_background&quot;:&quot;classic&quot;}\">\n\t\t\t\t<div class=\"elementor-element elementor-element-8706326 elementor-widget elementor-widget-heading\" data-id=\"8706326\" data-element_type=\"widget\" data-e-type=\"widget\" data-widget_type=\"heading.default\">\n\t\t\t\t<div class=\"elementor-widget-container\">\n\t\t\t\t\t<h2 class=\"elementor-heading-title elementor-size-default\"><a href=\"https:\/\/usarbi.com\/fr\/bar\/\"><i>le<\/i><br><b>BAR<\/b><\/a><\/h2>\t\t\t\t<\/div>\n\t\t\t\t<\/div>\n\t\t\t\t<\/div>\n\t\t<div class=\"elementor-element elementor-element-07e64f3 e-con-full e-flex e-con e-child\" data-id=\"07e64f3\" data-element_type=\"container\" data-e-type=\"container\" data-settings=\"{&quot;background_background&quot;:&quot;classic&quot;}\">\n\t\t\t\t<div class=\"elementor-element elementor-element-3cdf881 elementor-widget elementor-widget-heading\" data-id=\"3cdf881\" data-element_type=\"widget\" data-e-type=\"widget\" data-widget_type=\"heading.default\">\n\t\t\t\t<div class=\"elementor-widget-container\">\n\t\t\t\t\t<h2 class=\"elementor-heading-title elementor-size-default\"><a href=\"https:\/\/usarbi.com\/fr\/carte-des-vins\/\"><i>s\u00e9lection de<\/i><br><b>VINS<\/b><\/a><\/h2>\t\t\t\t<\/div>\n\t\t\t\t<\/div>\n\t\t\t\t<\/div>\n\t\t<div class=\"elementor-element elementor-element-12ed1f1 e-con-full e-flex e-con e-child\" data-id=\"12ed1f1\" data-element_type=\"container\" data-e-type=\"container\" data-settings=\"{&quot;background_background&quot;:&quot;classic&quot;}\">\n\t\t\t\t<div class=\"elementor-element elementor-element-a88ef39 elementor-widget elementor-widget-heading\" data-id=\"a88ef39\" data-element_type=\"widget\" data-e-type=\"widget\" data-widget_type=\"heading.default\">\n\t\t\t\t<div class=\"elementor-widget-container\">\n\t\t\t\t\t<h2 class=\"elementor-heading-title elementor-size-default\"><a href=\"https:\/\/usarbi.com\/fr\/plat-du-jour\/\"><i>plats <\/i><br><b>DU JOUR<\/b><\/a><\/h2>\t\t\t\t<\/div>\n\t\t\t\t<\/div>\n\t\t\t\t<\/div>\n\t\t<div class=\"elementor-element elementor-element-c64f503 e-con-full e-flex e-con e-child\" data-id=\"c64f503\" data-element_type=\"container\" data-e-type=\"container\" data-settings=\"{&quot;background_background&quot;:&quot;classic&quot;}\">\n\t\t\t\t<div class=\"elementor-element elementor-element-e22c2da elementor-widget elementor-widget-heading\" data-id=\"e22c2da\" data-element_type=\"widget\" data-e-type=\"widget\" data-widget_type=\"heading.default\">\n\t\t\t\t<div class=\"elementor-widget-container\">\n\t\t\t\t\t<h2 class=\"elementor-heading-title elementor-size-default\"><a href=\"https:\/\/usarbi.com\/fr\/menu-pour-groupes\/\"><i>menUs POUR<\/i><br><b>GROUPES<\/b><\/a><\/h2>\t\t\t\t<\/div>\n\t\t\t\t<\/div>\n\t\t\t\t<\/div>\n\t\t\t\t<\/div>\n\t\t\t\t<\/div>\n\t\t","protected":false},"excerpt":{"rendered":"<p>Cartes cadeaux Offrir une exp\u00e9rience gastronomique est toujours de bon go\u00fbt. Avec nos cartes cadeaux, vous ferez sensation \u00e0 Usarbi, o\u00f9 les produits et la cuisine de saison sont les vedettes. Trabajamos con productos locales, frescos y de temporada, seleccionados cuidadosamente para ofrecer platos llenos de sabor y autenticidad. Nous travaillons avec des produits locaux, [&hellip;]<\/p>\n","protected":false},"author":1,"featured_media":0,"parent":0,"menu_order":0,"comment_status":"closed","ping_status":"closed","template":"","meta":{"footnotes":""},"class_list":["post-1620","page","type-page","status-publish","hentry"],"_links":{"self":[{"href":"https:\/\/usarbi.com\/fr\/wp-json\/wp\/v2\/pages\/1620","targetHints":{"allow":["GET"]}}],"collection":[{"href":"https:\/\/usarbi.com\/fr\/wp-json\/wp\/v2\/pages"}],"about":[{"href":"https:\/\/usarbi.com\/fr\/wp-json\/wp\/v2\/types\/page"}],"author":[{"embeddable":true,"href":"https:\/\/usarbi.com\/fr\/wp-json\/wp\/v2\/users\/1"}],"replies":[{"embeddable":true,"href":"https:\/\/usarbi.com\/fr\/wp-json\/wp\/v2\/comments?post=1620"}],"version-history":[{"count":3,"href":"https:\/\/usarbi.com\/fr\/wp-json\/wp\/v2\/pages\/1620\/revisions"}],"predecessor-version":[{"id":1623,"href":"https:\/\/usarbi.com\/fr\/wp-json\/wp\/v2\/pages\/1620\/revisions\/1623"}],"wp:attachment":[{"href":"https:\/\/usarbi.com\/fr\/wp-json\/wp\/v2\/media?parent=1620"}],"curies":[{"name":"wp","href":"https:\/\/api.w.org\/{rel}","templated":true}]}}